{"id":14658,"date":"2023-06-28T09:29:12","date_gmt":"2023-06-28T09:29:12","guid":{"rendered":"https:\/\/omplim.cat\/?page_id=14658"},"modified":"2023-06-29T10:49:45","modified_gmt":"2023-06-29T10:49:45","slug":"landing-proveedores","status":"publish","type":"page","link":"https:\/\/omplim.cat\/es\/landing-proveedores\/","title":{"rendered":"Landing proveedores"},"content":{"rendered":"\t\t<div data-elementor-type=\"wp-page\" data-elementor-id=\"14658\" class=\"elementor elementor-14658 elementor-14615\" data-elementor-post-type=\"page\">\n\t\t\t\t<div class=\"elementor-element elementor-element-7123fa0 e-flex e-con-boxed e-con e-parent\" data-id=\"7123fa0\" data-element_type=\"container\" data-settings=\"{&quot;background_background&quot;:&quot;classic&quot;}\">\n\t\t\t\t\t<div class=\"e-con-inner\">\n\t\t\t\t<div class=\"elementor-element elementor-element-1714b17 elementor-widget elementor-widget-image\" data-id=\"1714b17\" data-element_type=\"widget\" data-widget_type=\"image.default\">\n\t\t\t\t<div class=\"elementor-widget-container\">\n\t\t\t\t\t\t\t\t\t\t\t\t\t\t\t<img decoding=\"async\" width=\"312\" height=\"88\" src=\"https:\/\/omplim.cat\/wp-content\/uploads\/2022\/11\/Logo-Omplim-blanc.png\" class=\"attachment-large size-large wp-image-10655\" alt=\"\" \/>\t\t\t\t\t\t\t\t\t\t\t\t\t\t\t<\/div>\n\t\t\t\t<\/div>\n\t\t\t\t\t<\/div>\n\t\t\t\t<\/div>\n\t\t<div class=\"elementor-element elementor-element-7c13ad6 e-flex e-con-boxed e-con e-parent\" data-id=\"7c13ad6\" data-element_type=\"container\" data-settings=\"{&quot;background_background&quot;:&quot;classic&quot;}\">\n\t\t\t\t\t<div class=\"e-con-inner\">\n\t\t<div class=\"elementor-element elementor-element-7606c35 e-con-full e-flex e-con e-parent\" data-id=\"7606c35\" data-element_type=\"container\">\n\t\t\t\t<div class=\"elementor-element elementor-element-7975457 elementor-widget elementor-widget-heading\" data-id=\"7975457\" data-element_type=\"widget\" data-widget_type=\"heading.default\">\n\t\t\t\t<div class=\"elementor-widget-container\">\n\t\t\t\t\t<h2 class=\"elementor-heading-title elementor-size-default\">Te est\u00e1bamos<br>esperando.<\/h2>\t\t\t\t<\/div>\n\t\t\t\t<\/div>\n\t\t\t\t<div class=\"elementor-element elementor-element-38e9dd8 elementor-widget elementor-widget-heading\" data-id=\"38e9dd8\" data-element_type=\"widget\" data-widget_type=\"heading.default\">\n\t\t\t\t<div class=\"elementor-widget-container\">\n\t\t\t\t\t<h2 class=\"elementor-heading-title elementor-size-default\">Bienvenido<br>\nfuturo<br>\nproveedor.<\/h2>\t\t\t\t<\/div>\n\t\t\t\t<\/div>\n\t\t\t\t<\/div>\n\t\t<div class=\"elementor-element elementor-element-508f878 e-con-full e-flex e-con e-parent\" data-id=\"508f878\" data-element_type=\"container\">\n\t\t\t\t<div class=\"elementor-element elementor-element-dbec445 elementor-widget elementor-widget-image\" data-id=\"dbec445\" data-element_type=\"widget\" data-widget_type=\"image.default\">\n\t\t\t\t<div class=\"elementor-widget-container\">\n\t\t\t\t\t\t\t\t\t\t\t\t\t\t\t<img fetchpriority=\"high\" decoding=\"async\" width=\"1294\" height=\"1294\" src=\"https:\/\/omplim.cat\/wp-content\/uploads\/2023\/06\/Omplim-com-ho-fem-figure-2.png\" class=\"attachment-large size-large wp-image-14618\" alt=\"\" \/>\t\t\t\t\t\t\t\t\t\t\t\t\t\t\t<\/div>\n\t\t\t\t<\/div>\n\t\t\t\t<\/div>\n\t\t\t\t\t<\/div>\n\t\t\t\t<\/div>\n\t\t<div class=\"elementor-element elementor-element-d9e5562 e-flex e-con-boxed e-con e-parent\" data-id=\"d9e5562\" data-element_type=\"container\">\n\t\t\t\t\t<div class=\"e-con-inner\">\n\t\t<div class=\"elementor-element elementor-element-8cc2227 e-flex e-con-boxed e-con e-parent\" data-id=\"8cc2227\" data-element_type=\"container\" data-settings=\"{&quot;background_background&quot;:&quot;classic&quot;}\">\n\t\t\t\t\t<div class=\"e-con-inner\">\n\t\t<div class=\"elementor-element elementor-element-fa15511 e-con-full e-flex e-con e-parent\" data-id=\"fa15511\" data-element_type=\"container\">\n\t\t\t\t<div class=\"elementor-element elementor-element-d1f19aa elementor-widget elementor-widget-heading\" data-id=\"d1f19aa\" data-element_type=\"widget\" data-widget_type=\"heading.default\">\n\t\t\t\t<div class=\"elementor-widget-container\">\n\t\t\t\t\t<p class=\"elementor-heading-title elementor-size-medium\">Si buscas unirte al ecosistema de Omplim y convertirte en uno de nuestros proveedores de edificaci\u00f3n responsable, \u00a1est\u00e1s en el espacio adecuado!<br><br>\n<b>Para ello deber\u00e1s cumplimentar un cuestionario sobre los valores<\/b> de tu compa\u00f1\u00eda: pol\u00edticas de gobernanza, ambientales, sociales y empresariales de tu compa\u00f1\u00eda.<\/p>\t\t\t\t<\/div>\n\t\t\t\t<\/div>\n\t\t\t\t<\/div>\n\t\t<div class=\"elementor-element elementor-element-3553d6f e-con-full e-flex e-con e-parent\" data-id=\"3553d6f\" data-element_type=\"container\">\n\t\t<div class=\"elementor-element elementor-element-26da89b e-con-full e-flex e-con e-parent\" data-id=\"26da89b\" data-element_type=\"container\">\n\t\t\t\t<div class=\"elementor-element elementor-element-bbdeb66 elementor-widget elementor-widget-image\" data-id=\"bbdeb66\" data-element_type=\"widget\" data-widget_type=\"image.default\">\n\t\t\t\t<div class=\"elementor-widget-container\">\n\t\t\t\t\t\t\t\t\t\t\t\t\t\t\t<img decoding=\"async\" src=\"https:\/\/omplim.cat\/wp-content\/plugins\/elementor\/assets\/images\/placeholder.png\" title=\"\" alt=\"\" loading=\"lazy\" \/>\t\t\t\t\t\t\t\t\t\t\t\t\t\t\t<\/div>\n\t\t\t\t<\/div>\n\t\t\t\t<\/div>\n\t\t\t\t<\/div>\n\t\t\t\t\t<\/div>\n\t\t\t\t<\/div>\n\t\t\t\t\t<\/div>\n\t\t\t\t<\/div>\n\t\t<div class=\"elementor-element elementor-element-f56b9a8 e-flex e-con-boxed e-con e-parent\" data-id=\"f56b9a8\" data-element_type=\"container\" data-settings=\"{&quot;background_background&quot;:&quot;classic&quot;}\">\n\t\t\t\t\t<div class=\"e-con-inner\">\n\t\t<div class=\"elementor-element elementor-element-9c8fc61 e-flex e-con-boxed e-con e-parent\" data-id=\"9c8fc61\" data-element_type=\"container\">\n\t\t\t\t\t<div class=\"e-con-inner\">\n\t\t\t\t<div class=\"elementor-element elementor-element-bc03f0f elementor-widget elementor-widget-heading\" data-id=\"bc03f0f\" data-element_type=\"widget\" data-widget_type=\"heading.default\">\n\t\t\t\t<div class=\"elementor-widget-container\">\n\t\t\t\t\t<p class=\"elementor-heading-title elementor-size-medium\">Te queremos conocer mejor:<br>\n<b><a href=\"https:\/\/form.typeform.com\/to\/XNTHHhRd\" target=\"blank\" style=\"text-decoration: underline;color:#5E1F32\">\u00a1inicia la encuesta aqu\u00ed!<\/a><\/b><\/p>\t\t\t\t<\/div>\n\t\t\t\t<\/div>\n\t\t\t\t<div class=\"elementor-element elementor-element-6056c5f elementor-widget elementor-widget-heading\" data-id=\"6056c5f\" data-element_type=\"widget\" data-widget_type=\"heading.default\">\n\t\t\t\t<div class=\"elementor-widget-container\">\n\t\t\t\t\t<p class=\"elementor-heading-title elementor-size-medium\">Responde a los campos de los que tengas informaci\u00f3n y deja en blanco los apartados que no consideres relevantes. Y recuerda, a continuaci\u00f3n, puedes consultar algunas de las dudas frecuentes.\n<\/p>\t\t\t\t<\/div>\n\t\t\t\t<\/div>\n\t\t\t\t<div class=\"elementor-element elementor-element-53ecf93 elementor-widget elementor-widget-heading\" data-id=\"53ecf93\" data-element_type=\"widget\" data-widget_type=\"heading.default\">\n\t\t\t\t<div class=\"elementor-widget-container\">\n\t\t\t\t\t<p class=\"elementor-heading-title elementor-size-medium\">DUDAS FRECUENTES<\/p>\t\t\t\t<\/div>\n\t\t\t\t<\/div>\n\t\t\t\t<div class=\"elementor-element elementor-element-1fef506 elementor-widget elementor-widget-accordion\" data-id=\"1fef506\" data-element_type=\"widget\" data-widget_type=\"accordion.default\">\n\t\t\t\t<div class=\"elementor-widget-container\">\n\t\t\t\t\t\t\t<div class=\"elementor-accordion\">\n\t\t\t\t\t\t\t<div class=\"elementor-accordion-item\">\n\t\t\t\t\t<div id=\"elementor-tab-title-3341\" class=\"elementor-tab-title\" data-tab=\"1\" role=\"button\" aria-controls=\"elementor-tab-content-3341\" aria-expanded=\"false\">\n\t\t\t\t\t\t\t\t\t\t\t\t\t<span class=\"elementor-accordion-icon elementor-accordion-icon-left\" aria-hidden=\"true\">\n\t\t\t\t\t\t\t\t\t\t\t\t\t\t\t<span class=\"elementor-accordion-icon-closed\"><i class=\"fas fa-plus\"><\/i><\/span>\n\t\t\t\t\t\t\t\t<span class=\"elementor-accordion-icon-opened\"><i class=\"fas fa-minus\"><\/i><\/span>\n\t\t\t\t\t\t\t\t\t\t\t\t\t\t<\/span>\n\t\t\t\t\t\t\t\t\t\t\t\t<a class=\"elementor-accordion-title\" tabindex=\"0\">Si mi empresa no tiene o no cumple con algunas de las cosas que pide el cuestionario, \u00bfquiere decir que no podremos trabajar con Omplim?<\/a>\n\t\t\t\t\t<\/div>\n\t\t\t\t\t<div id=\"elementor-tab-content-3341\" class=\"elementor-tab-content elementor-clearfix\" data-tab=\"1\" role=\"region\" aria-labelledby=\"elementor-tab-title-3341\"><p><span style=\"color: #5e1f32;\">\u00a1No, ni mucho menos! Es cierto que uno de los objetivos de este cuestionario es evaluar a las empresas proveedoras teniendo en cuenta nuestros valores organizativos, pero esto no implica que no los tengamos en cuenta si no los cumplen todos. <\/span><\/p>\n<\/div>\n\t\t\t\t<\/div>\n\t\t\t\t\t\t\t<div class=\"elementor-accordion-item\">\n\t\t\t\t\t<div id=\"elementor-tab-title-3342\" class=\"elementor-tab-title\" data-tab=\"2\" role=\"button\" aria-controls=\"elementor-tab-content-3342\" aria-expanded=\"false\">\n\t\t\t\t\t\t\t\t\t\t\t\t\t<span class=\"elementor-accordion-icon elementor-accordion-icon-left\" aria-hidden=\"true\">\n\t\t\t\t\t\t\t\t\t\t\t\t\t\t\t<span class=\"elementor-accordion-icon-closed\"><i class=\"fas fa-plus\"><\/i><\/span>\n\t\t\t\t\t\t\t\t<span class=\"elementor-accordion-icon-opened\"><i class=\"fas fa-minus\"><\/i><\/span>\n\t\t\t\t\t\t\t\t\t\t\t\t\t\t<\/span>\n\t\t\t\t\t\t\t\t\t\t\t\t<a class=\"elementor-accordion-title\" tabindex=\"0\">Entonces, \u00bfqu\u00e9 objetivos m\u00e1s tiene ese cuestionario? Aparte de servir de herramienta evaluadora de nuestras organizaciones proveedoras nos sirve para tres cosas m\u00e1s:<\/a>\n\t\t\t\t\t<\/div>\n\t\t\t\t\t<div id=\"elementor-tab-content-3342\" class=\"elementor-tab-content elementor-clearfix\" data-tab=\"2\" role=\"region\" aria-labelledby=\"elementor-tab-title-3342\"><ul>\n<li aria-level=\"1\"><span style=\"color: #5e1f32;\">Como desempate cuando estamos valorando a dos empresas proveedores diferentes y sus propuestas nos parecen igual de buenas. <\/span>\n<\/li>\n<\/ul>\n<ul>\n<li aria-level=\"1\"><span style=\"color: #5e1f32;\">Para evaluar nuestro impacto. La elecci\u00f3n de proveedores tambi\u00e9n forma parte de la autoevaluaci\u00f3n de Omplim, ya que de forma indirecta su impacto es nuestro impacto. Con la recopilaci\u00f3n de respuestas de las empresas proveedoras, generamos un an\u00e1lisis y lo utilizamos en las herramientas evaluadoras de impacto que utilizamos. <\/span>\n<\/li>\n<\/ul>\n<ul>\n<li aria-level=\"1\"><span style=\"color: #5e1f32;\">Para crear un ecosistema de impacto propio. En muchas ocasiones, despu\u00e9s de realizar el cuestionario, muchas empresas nos han hecho llegar su inquietud de querer desarrollar una pol\u00edtica de responsabilidad social, un plan de igualdad o el c\u00e1lculo de las emisiones de gases de efecto invernadero de la actividad empresarial ; pero o bien no se lo hab\u00edan planteado hasta el momento o no saben c\u00f3mo hacerlo. La intenci\u00f3n del cuestionario tambi\u00e9n es crear esta inquietud. Y si desea desarrollar ninguna herramienta de las que aparecen, nosotros podemos ayudarle, y as\u00ed, codo con codo, podremos crear nuestro ecosistema de impacto.<\/span><\/li>\n<\/ul>\n<\/div>\n\t\t\t\t<\/div>\n\t\t\t\t\t\t\t<div class=\"elementor-accordion-item\">\n\t\t\t\t\t<div id=\"elementor-tab-title-3343\" class=\"elementor-tab-title\" data-tab=\"3\" role=\"button\" aria-controls=\"elementor-tab-content-3343\" aria-expanded=\"false\">\n\t\t\t\t\t\t\t\t\t\t\t\t\t<span class=\"elementor-accordion-icon elementor-accordion-icon-left\" aria-hidden=\"true\">\n\t\t\t\t\t\t\t\t\t\t\t\t\t\t\t<span class=\"elementor-accordion-icon-closed\"><i class=\"fas fa-plus\"><\/i><\/span>\n\t\t\t\t\t\t\t\t<span class=\"elementor-accordion-icon-opened\"><i class=\"fas fa-minus\"><\/i><\/span>\n\t\t\t\t\t\t\t\t\t\t\t\t\t\t<\/span>\n\t\t\t\t\t\t\t\t\t\t\t\t<a class=\"elementor-accordion-title\" tabindex=\"0\">Est\u00e1 comenzando un plan de igualdad, dando los primeros pasos para desarrollar una pol\u00edtica de residuos en la empresa, o cualquier herramienta nueva de gesti\u00f3n del impacto, pero no lo tiene todav\u00eda terminado. \u00bfQu\u00e9 debe poner?<\/a>\n\t\t\t\t\t<\/div>\n\t\t\t\t\t<div id=\"elementor-tab-content-3343\" class=\"elementor-tab-content elementor-clearfix\" data-tab=\"3\" role=\"region\" aria-labelledby=\"elementor-tab-title-3343\"><p><span style=\"color: #5e1f32;\">Siempre puede a\u00f1adir opciones en sus respuestas, as\u00ed que sea cual sea la herramienta que est\u00e1 empezando a crear, \u00a1expl\u00edquenoslo!<\/span><\/p>\n<\/div>\n\t\t\t\t<\/div>\n\t\t\t\t\t\t\t\t<\/div>\n\t\t\t\t\t\t<\/div>\n\t\t\t\t<\/div>\n\t\t\t\t\t<\/div>\n\t\t\t\t<\/div>\n\t\t\t\t\t<\/div>\n\t\t\t\t<\/div>\n\t\t<div class=\"elementor-element elementor-element-4cd4bae e-flex e-con-boxed e-con e-parent\" data-id=\"4cd4bae\" data-element_type=\"container\">\n\t\t\t\t\t<div class=\"e-con-inner\">\n\t\t<div class=\"elementor-element elementor-element-72a7f23 e-flex e-con-boxed e-con e-parent\" data-id=\"72a7f23\" data-element_type=\"container\">\n\t\t\t\t\t<div class=\"e-con-inner\">\n\t\t\t\t<div class=\"elementor-element elementor-element-75f30dc elementor-widget elementor-widget-heading\" data-id=\"75f30dc\" data-element_type=\"widget\" data-widget_type=\"heading.default\">\n\t\t\t\t<div class=\"elementor-widget-container\">\n\t\t\t\t\t<p class=\"elementor-heading-title elementor-size-medium\">ALGUNOS DE NUESTROS<br>\nPROVEEDORES:<\/p>\t\t\t\t<\/div>\n\t\t\t\t<\/div>\n\t\t\t\t<div class=\"elementor-element elementor-element-b93e706 elementor-widget elementor-widget-heading\" data-id=\"b93e706\" data-element_type=\"widget\" data-widget_type=\"heading.default\">\n\t\t\t\t<div class=\"elementor-widget-container\">\n\t\t\t\t\t<p class=\"elementor-heading-title elementor-size-default\"><a style=\"text-decoration: underline\" href=\"https:\/\/r4sgroup.com\/\" target=\"blank\">R4S<\/a> - <a style=\"text-decoration: underline\" href=\"http:\/\/societatorganica.com\/ca\/\" target=\"blank\">Societat org\u00e0nica<\/a> - <a style=\"text-decoration: underline\" href=\"https:\/\/factocooperativa.com\/\" target=\"blank\">Facto Cooperativa<\/a><br>\n<a style=\"text-decoration: underline\" href=\"https:\/\/www.agenciajaimito.com\/ca\/\" target=\"blank\">Jaimito<\/a> - <a style=\"text-decoration: underline\" href=\"https:\/\/sibilare.com\/\" target=\"blank\">Sibilare<\/a> - <a style=\"text-decoration: underline\" href=\"https:\/\/ingenieriasocial.es\/ca\/\" target=\"blank\">Ingenieria social<\/a> - <a href=\"https:\/\/incapto.com\/ca\/\" target=\"blank\">Incapto<\/a><br>  \n<a style=\"text-decoration: underline\" href=\"https:\/\/xcn.cat\/\" target=\"blank\">XCN<\/a> - <a style=\"text-decoration: underline\" href=\"https:\/\/itec.cat\/\" target=\"blank\">ITeC<\/a> - <a style=\"text-decoration: underline\" href=\"https:\/\/www.triodos.es\/es\" target=\"blank\">Triodos Bank<\/a> - <a style=\"text-decoration: underline\" href=\"https:\/\/www.teambuildingconcept.com\/\" target=\"blank\">Concep-t<\/a><br>\n<a style=\"text-decoration: underline\" href=\"https:\/\/junoprojects.com\/es\/nosotras\/\" target=\"blank\">Juno Projects<\/a> - <a style=\"text-decoration: underline\" href=\"https:\/\/www.lacol.coop\/\" target=\"blank\">Lacol<\/a> - <a style=\"text-decoration: underline\" href=\"https:\/\/calafconstructora.com\/\" target=\"blank\">Calaf Constructora<\/a><br>  \n<a style=\"text-decoration: underline\" href=\"https:\/\/www.grupmas.com\/\" target=\"blank\">GrupMas Constructors<\/a> - <a style=\"text-decoration: underline\" href=\"http:\/\/www.martinarquitectura.com\/\" target=\"blank\">Mart\u00edn Arquitectura<\/a>\n\n<\/p>\t\t\t\t<\/div>\n\t\t\t\t<\/div>\n\t\t\t\t\t<\/div>\n\t\t\t\t<\/div>\n\t\t\t\t\t<\/div>\n\t\t\t\t<\/div>\n\t\t<div class=\"elementor-element elementor-element-8fc8533 e-flex e-con-boxed e-con e-parent\" data-id=\"8fc8533\" data-element_type=\"container\">\n\t\t\t\t\t<div class=\"e-con-inner\">\n\t\t\t\t<div class=\"elementor-element elementor-element-255fe96 elementor-widget elementor-widget-image\" data-id=\"255fe96\" data-element_type=\"widget\" data-widget_type=\"image.default\">\n\t\t\t\t<div class=\"elementor-widget-container\">\n\t\t\t\t\t\t\t\t\t\t\t\t\t\t\t<img decoding=\"async\" width=\"1134\" height=\"129\" src=\"https:\/\/omplim.cat\/wp-content\/uploads\/2023\/06\/esp-1.png\" class=\"attachment-large size-large wp-image-14700\" alt=\"\" \/>\t\t\t\t\t\t\t\t\t\t\t\t\t\t\t<\/div>\n\t\t\t\t<\/div>\n\t\t\t\t\t<\/div>\n\t\t\t\t<\/div>\n\t\t\t\t<\/div>\n\t\t","protected":false},"excerpt":{"rendered":"<p>Te est\u00e1bamosesperando. Bienvenido futuro proveedor. Si buscas unirte al ecosistema de Omplim y convertirte en uno de nuestros proveedores de edificaci\u00f3n responsable, \u00a1est\u00e1s en el espacio adecuado! Para ello deber\u00e1s cumplimentar un cuestionario sobre los valores de tu compa\u00f1\u00eda: pol\u00edticas de gobernanza, ambientales, sociales y empresariales de tu compa\u00f1\u00eda. Te queremos conocer mejor: \u00a1inicia la [&hellip;]<\/p>\n","protected":false},"author":9,"featured_media":0,"parent":0,"menu_order":0,"comment_status":"closed","ping_status":"closed","template":"","meta":{"_acf_changed":false,"_mo_disable_npp":"","footnotes":""},"class_list":["post-14658","page","type-page","status-publish","hentry"],"acf":[],"aioseo_notices":[],"_links":{"self":[{"href":"https:\/\/omplim.cat\/es\/wp-json\/wp\/v2\/pages\/14658","targetHints":{"allow":["GET"]}}],"collection":[{"href":"https:\/\/omplim.cat\/es\/wp-json\/wp\/v2\/pages"}],"about":[{"href":"https:\/\/omplim.cat\/es\/wp-json\/wp\/v2\/types\/page"}],"author":[{"embeddable":true,"href":"https:\/\/omplim.cat\/es\/wp-json\/wp\/v2\/users\/9"}],"replies":[{"embeddable":true,"href":"https:\/\/omplim.cat\/es\/wp-json\/wp\/v2\/comments?post=14658"}],"version-history":[{"count":0,"href":"https:\/\/omplim.cat\/es\/wp-json\/wp\/v2\/pages\/14658\/revisions"}],"wp:attachment":[{"href":"https:\/\/omplim.cat\/es\/wp-json\/wp\/v2\/media?parent=14658"}],"curies":[{"name":"wp","href":"https:\/\/api.w.org\/{rel}","templated":true}]}}